{"id":677,"date":"2024-05-13T16:07:57","date_gmt":"2024-05-13T19:07:57","guid":{"rendered":"https:\/\/cicloscozinhas.com.br\/loja\/?post_type=product&#038;p=677"},"modified":"2024-05-13T16:08:27","modified_gmt":"2024-05-13T19:08:27","slug":"termostato-robertshaw-2-24-50c-a-210c-com-bucha","status":"publish","type":"product","link":"https:\/\/cicloscozinhas.com.br\/loja\/produto\/termostato-robertshaw-2-24-50c-a-210c-com-bucha\/","title":{"rendered":"Termostato Robertshaw 2-24 50\u00b0C a 210\u00b0C com bucha."},"content":{"rendered":"<p>Nossa equipe t\u00e9cnica atua a mais de 11 anos no atendimento de cozinhas de alto padr\u00e3o em v\u00e1rias regi\u00f5es do pa\u00eds trazendo solu\u00e7\u00f5es de problemas e presta\u00e7\u00e3o de servi\u00e7os de manuten\u00e7\u00e3o e treinamentos de refrigera\u00e7\u00e3o e coc\u00e7\u00e3o.<\/p>\n","protected":false},"excerpt":{"rendered":"<p>Nossa equipe t\u00e9cnica atua a mais de 11 anos no atendimento de cozinhas de alto padr\u00e3o em v\u00e1rias regi\u00f5es do pa\u00eds trazendo solu\u00e7\u00f5es de problemas e presta\u00e7\u00e3o de servi\u00e7os de manuten\u00e7\u00e3o e treinamentos de refrigera\u00e7\u00e3o e coc\u00e7\u00e3o.<\/p>\n","protected":false},"featured_media":672,"comment_status":"open","ping_status":"closed","template":"","meta":{"site-sidebar-layout":"default","site-content-layout":"","ast-site-content-layout":"default","site-content-style":"default","site-sidebar-style":"default","ast-global-header-display":"","ast-banner-title-visibility":"","ast-main-header-display":"","ast-hfb-above-header-display":"","ast-hfb-below-header-display":"","ast-hfb-mobile-header-display":"","site-post-title":"","ast-breadcrumbs-content":"","ast-featured-img":"","footer-sml-layout":"","ast-disable-related-posts":"","theme-transparent-header-meta":"default","adv-header-id-meta":"","stick-header-meta":"","header-above-stick-meta":"","header-main-stick-meta":"","header-below-stick-meta":"","astra-migrate-meta-layouts":"set","ast-page-background-enabled":"default","ast-page-background-meta":{"desktop":{"background-color":"var(--ast-global-color-4)","background-image":"","background-repeat":"repeat","background-position":"center center","background-size":"auto","background-attachment":"scroll","background-type":"","background-media":"","overlay-type":"","overlay-color":"","overlay-opacity":"","overlay-gradient":""},"tablet":{"background-color":"","background-image":"","background-repeat":"repeat","background-position":"center center","background-size":"auto","background-attachment":"scroll","background-type":"","background-media":"","overlay-type":"","overlay-color":"","overlay-opacity":"","overlay-gradient":""},"mobile":{"background-color":"","background-image":"","background-repeat":"repeat","background-position":"center center","background-size":"auto","background-attachment":"scroll","background-type":"","background-media":"","overlay-type":"","overlay-color":"","overlay-opacity":"","overlay-gradient":""}},"ast-content-background-meta":{"desktop":{"background-color":"var(--ast-global-color-5)","background-image":"","background-repeat":"repeat","background-position":"center center","background-size":"auto","background-attachment":"scroll","background-type":"","background-media":"","overlay-type":"","overlay-color":"","overlay-opacity":"","overlay-gradient":""},"tablet":{"background-color":"var(--ast-global-color-5)","background-image":"","background-repeat":"repeat","background-position":"center center","background-size":"auto","background-attachment":"scroll","background-type":"","background-media":"","overlay-type":"","overlay-color":"","overlay-opacity":"","overlay-gradient":""},"mobile":{"background-color":"var(--ast-global-color-5)","background-image":"","background-repeat":"repeat","background-position":"center center","background-size":"auto","background-attachment":"scroll","background-type":"","background-media":"","overlay-type":"","overlay-color":"","overlay-opacity":"","overlay-gradient":""}}},"product_brand":[],"product_cat":[21,42],"product_tag":[],"class_list":{"0":"post-677","1":"product","2":"type-product","3":"status-publish","4":"has-post-thumbnail","6":"product_cat-fogoes","7":"product_cat-termostato","8":"desktop-align-left","9":"tablet-align-left","10":"mobile-align-left","12":"first","13":"instock","14":"shipping-taxable","15":"purchasable","16":"product-type-simple"},"yoast_head":"<!-- This site is optimized with the Yoast SEO plugin v27.2 - https:\/\/yoast.com\/product\/yoast-seo-wordpress\/ -->\n<title>Termostato Robertshaw 2-24 50\u00b0C a 210\u00b0C com bucha. - Ciclos Cozinhas<\/title>\n<meta name=\"robots\" content=\"index, follow, max-snippet:-1, max-image-preview:large, max-video-preview:-1\" \/>\n<link rel=\"canonical\" href=\"https:\/\/cicloscozinhas.com.br\/loja\/produto\/termostato-robertshaw-2-24-50c-a-210c-com-bucha\/\" \/>\n<meta property=\"og:locale\" content=\"pt_BR\" \/>\n<meta property=\"og:type\" content=\"article\" \/>\n<meta property=\"og:title\" content=\"Termostato Robertshaw 2-24 50\u00b0C a 210\u00b0C com bucha. - Ciclos Cozinhas\" \/>\n<meta property=\"og:description\" content=\"Nossa equipe t\u00e9cnica atua a mais de 11 anos no atendimento de cozinhas de alto padr\u00e3o em v\u00e1rias regi\u00f5es do pa\u00eds trazendo solu\u00e7\u00f5es de problemas e presta\u00e7\u00e3o de servi\u00e7os de manuten\u00e7\u00e3o e treinamentos de refrigera\u00e7\u00e3o e coc\u00e7\u00e3o.\" \/>\n<meta property=\"og:url\" content=\"https:\/\/cicloscozinhas.com.br\/loja\/produto\/termostato-robertshaw-2-24-50c-a-210c-com-bucha\/\" \/>\n<meta property=\"og:site_name\" content=\"Ciclos Cozinhas\" \/>\n<meta property=\"article:modified_time\" content=\"2024-05-13T19:08:27+00:00\" \/>\n<meta property=\"og:image\" content=\"https:\/\/cicloscozinhas.com.br\/loja\/wp-content\/uploads\/2024\/05\/WhatsApp-Image-2024-05-02-at-3.01.04-PM.jpeg\" \/>\n\t<meta property=\"og:image:width\" content=\"1080\" \/>\n\t<meta property=\"og:image:height\" content=\"523\" \/>\n\t<meta property=\"og:image:type\" content=\"image\/jpeg\" \/>\n<meta name=\"twitter:card\" content=\"summary_large_image\" \/>\n<script type=\"application\/ld+json\" class=\"yoast-schema-graph\">{\"@context\":\"https:\/\/schema.org\",\"@graph\":[{\"@type\":\"WebPage\",\"@id\":\"https:\/\/cicloscozinhas.com.br\/loja\/produto\/termostato-robertshaw-2-24-50c-a-210c-com-bucha\/\",\"url\":\"https:\/\/cicloscozinhas.com.br\/loja\/produto\/termostato-robertshaw-2-24-50c-a-210c-com-bucha\/\",\"name\":\"Termostato Robertshaw 2-24 50\u00b0C a 210\u00b0C com bucha. - Ciclos Cozinhas\",\"isPartOf\":{\"@id\":\"https:\/\/cicloscozinhas.com.br\/loja\/#website\"},\"primaryImageOfPage\":{\"@id\":\"https:\/\/cicloscozinhas.com.br\/loja\/produto\/termostato-robertshaw-2-24-50c-a-210c-com-bucha\/#primaryimage\"},\"image\":{\"@id\":\"https:\/\/cicloscozinhas.com.br\/loja\/produto\/termostato-robertshaw-2-24-50c-a-210c-com-bucha\/#primaryimage\"},\"thumbnailUrl\":\"https:\/\/cicloscozinhas.com.br\/loja\/wp-content\/uploads\/2024\/05\/WhatsApp-Image-2024-05-02-at-3.01.04-PM.jpeg\",\"datePublished\":\"2024-05-13T19:07:57+00:00\",\"dateModified\":\"2024-05-13T19:08:27+00:00\",\"breadcrumb\":{\"@id\":\"https:\/\/cicloscozinhas.com.br\/loja\/produto\/termostato-robertshaw-2-24-50c-a-210c-com-bucha\/#breadcrumb\"},\"inLanguage\":\"pt-BR\",\"potentialAction\":[{\"@type\":\"ReadAction\",\"target\":[\"https:\/\/cicloscozinhas.com.br\/loja\/produto\/termostato-robertshaw-2-24-50c-a-210c-com-bucha\/\"]}]},{\"@type\":\"ImageObject\",\"inLanguage\":\"pt-BR\",\"@id\":\"https:\/\/cicloscozinhas.com.br\/loja\/produto\/termostato-robertshaw-2-24-50c-a-210c-com-bucha\/#primaryimage\",\"url\":\"https:\/\/cicloscozinhas.com.br\/loja\/wp-content\/uploads\/2024\/05\/WhatsApp-Image-2024-05-02-at-3.01.04-PM.jpeg\",\"contentUrl\":\"https:\/\/cicloscozinhas.com.br\/loja\/wp-content\/uploads\/2024\/05\/WhatsApp-Image-2024-05-02-at-3.01.04-PM.jpeg\",\"width\":1080,\"height\":523},{\"@type\":\"BreadcrumbList\",\"@id\":\"https:\/\/cicloscozinhas.com.br\/loja\/produto\/termostato-robertshaw-2-24-50c-a-210c-com-bucha\/#breadcrumb\",\"itemListElement\":[{\"@type\":\"ListItem\",\"position\":1,\"name\":\"In\u00edcio\",\"item\":\"https:\/\/cicloscozinhas.com.br\/loja\/\"},{\"@type\":\"ListItem\",\"position\":2,\"name\":\"Loja\",\"item\":\"https:\/\/cicloscozinhas.com.br\/loja\/loja\/\"},{\"@type\":\"ListItem\",\"position\":3,\"name\":\"Termostato Robertshaw 2-24 50\u00b0C a 210\u00b0C com bucha.\"}]},{\"@type\":\"WebSite\",\"@id\":\"https:\/\/cicloscozinhas.com.br\/loja\/#website\",\"url\":\"https:\/\/cicloscozinhas.com.br\/loja\/\",\"name\":\"Ciclos Cozinhas\",\"description\":\"Manuten\u00e7\u00e3o em cozinhas profissionais\",\"publisher\":{\"@id\":\"https:\/\/cicloscozinhas.com.br\/loja\/#organization\"},\"potentialAction\":[{\"@type\":\"SearchAction\",\"target\":{\"@type\":\"EntryPoint\",\"urlTemplate\":\"https:\/\/cicloscozinhas.com.br\/loja\/?s={search_term_string}\"},\"query-input\":{\"@type\":\"PropertyValueSpecification\",\"valueRequired\":true,\"valueName\":\"search_term_string\"}}],\"inLanguage\":\"pt-BR\"},{\"@type\":\"Organization\",\"@id\":\"https:\/\/cicloscozinhas.com.br\/loja\/#organization\",\"name\":\"Ciclos Cozinhas\",\"url\":\"https:\/\/cicloscozinhas.com.br\/loja\/\",\"logo\":{\"@type\":\"ImageObject\",\"inLanguage\":\"pt-BR\",\"@id\":\"https:\/\/cicloscozinhas.com.br\/loja\/#\/schema\/logo\/image\/\",\"url\":\"https:\/\/cicloscozinhas.com.br\/loja\/wp-content\/uploads\/2024\/05\/Preto-vetorizado-leve.webp\",\"contentUrl\":\"https:\/\/cicloscozinhas.com.br\/loja\/wp-content\/uploads\/2024\/05\/Preto-vetorizado-leve.webp\",\"width\":1596,\"height\":614,\"caption\":\"Ciclos Cozinhas\"},\"image\":{\"@id\":\"https:\/\/cicloscozinhas.com.br\/loja\/#\/schema\/logo\/image\/\"}}]}<\/script>\n<!-- \/ Yoast SEO plugin. -->","yoast_head_json":{"title":"Termostato Robertshaw 2-24 50\u00b0C a 210\u00b0C com bucha. - Ciclos Cozinhas","robots":{"index":"index","follow":"follow","max-snippet":"max-snippet:-1","max-image-preview":"max-image-preview:large","max-video-preview":"max-video-preview:-1"},"canonical":"https:\/\/cicloscozinhas.com.br\/loja\/produto\/termostato-robertshaw-2-24-50c-a-210c-com-bucha\/","og_locale":"pt_BR","og_type":"article","og_title":"Termostato Robertshaw 2-24 50\u00b0C a 210\u00b0C com bucha. - Ciclos Cozinhas","og_description":"Nossa equipe t\u00e9cnica atua a mais de 11 anos no atendimento de cozinhas de alto padr\u00e3o em v\u00e1rias regi\u00f5es do pa\u00eds trazendo solu\u00e7\u00f5es de problemas e presta\u00e7\u00e3o de servi\u00e7os de manuten\u00e7\u00e3o e treinamentos de refrigera\u00e7\u00e3o e coc\u00e7\u00e3o.","og_url":"https:\/\/cicloscozinhas.com.br\/loja\/produto\/termostato-robertshaw-2-24-50c-a-210c-com-bucha\/","og_site_name":"Ciclos Cozinhas","article_modified_time":"2024-05-13T19:08:27+00:00","og_image":[{"width":1080,"height":523,"url":"https:\/\/cicloscozinhas.com.br\/loja\/wp-content\/uploads\/2024\/05\/WhatsApp-Image-2024-05-02-at-3.01.04-PM.jpeg","type":"image\/jpeg"}],"twitter_card":"summary_large_image","schema":{"@context":"https:\/\/schema.org","@graph":[{"@type":"WebPage","@id":"https:\/\/cicloscozinhas.com.br\/loja\/produto\/termostato-robertshaw-2-24-50c-a-210c-com-bucha\/","url":"https:\/\/cicloscozinhas.com.br\/loja\/produto\/termostato-robertshaw-2-24-50c-a-210c-com-bucha\/","name":"Termostato Robertshaw 2-24 50\u00b0C a 210\u00b0C com bucha. - Ciclos Cozinhas","isPartOf":{"@id":"https:\/\/cicloscozinhas.com.br\/loja\/#website"},"primaryImageOfPage":{"@id":"https:\/\/cicloscozinhas.com.br\/loja\/produto\/termostato-robertshaw-2-24-50c-a-210c-com-bucha\/#primaryimage"},"image":{"@id":"https:\/\/cicloscozinhas.com.br\/loja\/produto\/termostato-robertshaw-2-24-50c-a-210c-com-bucha\/#primaryimage"},"thumbnailUrl":"https:\/\/cicloscozinhas.com.br\/loja\/wp-content\/uploads\/2024\/05\/WhatsApp-Image-2024-05-02-at-3.01.04-PM.jpeg","datePublished":"2024-05-13T19:07:57+00:00","dateModified":"2024-05-13T19:08:27+00:00","breadcrumb":{"@id":"https:\/\/cicloscozinhas.com.br\/loja\/produto\/termostato-robertshaw-2-24-50c-a-210c-com-bucha\/#breadcrumb"},"inLanguage":"pt-BR","potentialAction":[{"@type":"ReadAction","target":["https:\/\/cicloscozinhas.com.br\/loja\/produto\/termostato-robertshaw-2-24-50c-a-210c-com-bucha\/"]}]},{"@type":"ImageObject","inLanguage":"pt-BR","@id":"https:\/\/cicloscozinhas.com.br\/loja\/produto\/termostato-robertshaw-2-24-50c-a-210c-com-bucha\/#primaryimage","url":"https:\/\/cicloscozinhas.com.br\/loja\/wp-content\/uploads\/2024\/05\/WhatsApp-Image-2024-05-02-at-3.01.04-PM.jpeg","contentUrl":"https:\/\/cicloscozinhas.com.br\/loja\/wp-content\/uploads\/2024\/05\/WhatsApp-Image-2024-05-02-at-3.01.04-PM.jpeg","width":1080,"height":523},{"@type":"BreadcrumbList","@id":"https:\/\/cicloscozinhas.com.br\/loja\/produto\/termostato-robertshaw-2-24-50c-a-210c-com-bucha\/#breadcrumb","itemListElement":[{"@type":"ListItem","position":1,"name":"In\u00edcio","item":"https:\/\/cicloscozinhas.com.br\/loja\/"},{"@type":"ListItem","position":2,"name":"Loja","item":"https:\/\/cicloscozinhas.com.br\/loja\/loja\/"},{"@type":"ListItem","position":3,"name":"Termostato Robertshaw 2-24 50\u00b0C a 210\u00b0C com bucha."}]},{"@type":"WebSite","@id":"https:\/\/cicloscozinhas.com.br\/loja\/#website","url":"https:\/\/cicloscozinhas.com.br\/loja\/","name":"Ciclos Cozinhas","description":"Manuten\u00e7\u00e3o em cozinhas profissionais","publisher":{"@id":"https:\/\/cicloscozinhas.com.br\/loja\/#organization"},"potentialAction":[{"@type":"SearchAction","target":{"@type":"EntryPoint","urlTemplate":"https:\/\/cicloscozinhas.com.br\/loja\/?s={search_term_string}"},"query-input":{"@type":"PropertyValueSpecification","valueRequired":true,"valueName":"search_term_string"}}],"inLanguage":"pt-BR"},{"@type":"Organization","@id":"https:\/\/cicloscozinhas.com.br\/loja\/#organization","name":"Ciclos Cozinhas","url":"https:\/\/cicloscozinhas.com.br\/loja\/","logo":{"@type":"ImageObject","inLanguage":"pt-BR","@id":"https:\/\/cicloscozinhas.com.br\/loja\/#\/schema\/logo\/image\/","url":"https:\/\/cicloscozinhas.com.br\/loja\/wp-content\/uploads\/2024\/05\/Preto-vetorizado-leve.webp","contentUrl":"https:\/\/cicloscozinhas.com.br\/loja\/wp-content\/uploads\/2024\/05\/Preto-vetorizado-leve.webp","width":1596,"height":614,"caption":"Ciclos Cozinhas"},"image":{"@id":"https:\/\/cicloscozinhas.com.br\/loja\/#\/schema\/logo\/image\/"}}]}},"_links":{"self":[{"href":"https:\/\/cicloscozinhas.com.br\/loja\/wp-json\/wp\/v2\/product\/677","targetHints":{"allow":["GET"]}}],"collection":[{"href":"https:\/\/cicloscozinhas.com.br\/loja\/wp-json\/wp\/v2\/product"}],"about":[{"href":"https:\/\/cicloscozinhas.com.br\/loja\/wp-json\/wp\/v2\/types\/product"}],"replies":[{"embeddable":true,"href":"https:\/\/cicloscozinhas.com.br\/loja\/wp-json\/wp\/v2\/comments?post=677"}],"wp:featuredmedia":[{"embeddable":true,"href":"https:\/\/cicloscozinhas.com.br\/loja\/wp-json\/wp\/v2\/media\/672"}],"wp:attachment":[{"href":"https:\/\/cicloscozinhas.com.br\/loja\/wp-json\/wp\/v2\/media?parent=677"}],"wp:term":[{"taxonomy":"product_brand","embeddable":true,"href":"https:\/\/cicloscozinhas.com.br\/loja\/wp-json\/wp\/v2\/product_brand?post=677"},{"taxonomy":"product_cat","embeddable":true,"href":"https:\/\/cicloscozinhas.com.br\/loja\/wp-json\/wp\/v2\/product_cat?post=677"},{"taxonomy":"product_tag","embeddable":true,"href":"https:\/\/cicloscozinhas.com.br\/loja\/wp-json\/wp\/v2\/product_tag?post=677"}],"curies":[{"name":"wp","href":"https:\/\/api.w.org\/{rel}","templated":true}]}}